{"id":5872,"date":"2012-11-14T18:16:56","date_gmt":"2012-11-14T17:16:56","guid":{"rendered":"http:\/\/www.euskarajendea.eus\/dokumentala\/?page_id=5872"},"modified":"2016-12-31T11:39:44","modified_gmt":"2016-12-31T10:39:44","slug":"companions","status":"publish","type":"page","link":"https:\/\/www.euskarajendea.eus\/en\/companions","title":{"rendered":"TRAVEL COMPANIONS"},"content":{"rendered":"<p>&nbsp;<\/p>\n<div style=\"width: 400px; margin-left: 20px;\">\n<p>&nbsp;<\/p>\n<p style=\"color: #f2f2f2; border-bottom: 1px solid #332f2f; font-size: 25px; margin-bottom: 20px; margin-top: 35px; font-family: 'Julius Sans One', sans-serif;\" align=\"center\"><strong>interviews<\/strong><\/p>\n<p align=\"center\">William Anthony Douglass<\/p>\n<p align=\"center\">Peter Bakker<\/p>\n<p align=\"center\">Neskuts Izagirre<\/p>\n<p align=\"center\">Nodge Nolan<\/p>\n<p align=\"center\">Miren Ega\u00f1a Goya<\/p>\n<p align=\"center\">Mertxe Urteaga<\/p>\n<p align=\"center\">Lourdes Otaegi<\/p>\n<p align=\"center\">Jurgi Kintana<\/p>\n<p align=\"center\">Juan Jose Larrea<\/p>\n<p align=\"center\">Joseba Lakarra<\/p>\n<p align=\"center\">Joseba Agirreazkuenaga<\/p>\n<p align=\"center\">Jose Angel Irigaray<\/p>\n<p align=\"center\">Jon Sarasua<\/p>\n<p align=\"center\">Joaquin Gorrotxategi<\/p>\n<p align=\"center\">Jacques Blot<\/p>\n<p align=\"center\">Iratxe Esnaola<\/p>\n<p align=\"center\">I\u00f1aki Camino<\/p>\n<p align=\"center\">Elena Torregarai<\/p>\n<p align=\"center\">Diego Garate<\/p>\n<p align=\"center\">Be\u00f1at Oihartzabal<\/p>\n<p align=\"center\">Belen Bengoetxea<\/p>\n<p align=\"center\">Antonio Breschi<\/p>\n<p align=\"center\">Amaia Aire<\/p>\n<p style=\"width: 400px; color: #f2f2f2; border-bottom: 1px solid #332f2f; font-size: 25px; margin-bottom: 20px; margin-top: 35px; font-family: 'Julius Sans One', sans-serif;\" align=\"center\"><strong>Music<\/strong><\/p>\n<p align=\"center\">Unai Requejo<\/p>\n<p align=\"center\">Ruper Ordorika<\/p>\n<p align=\"center\">Mursego<\/p>\n<p align=\"center\">Mixel Etxekopar<\/p>\n<p align=\"center\">Mikel Urbeltz<\/p>\n<p align=\"center\">Ludi Sc\u00e6nici<\/p>\n<p align=\"center\">Khantoria<\/p>\n<p align=\"center\">Zea Mays<\/p>\n<p align=\"center\">Josu Zabala<\/p>\n<p align=\"center\">Joseba Tapia<\/p>\n<p align=\"center\">Ibon San Vicente<\/p>\n<p align=\"center\">Ibon Rodriguez<\/p>\n<p align=\"center\">Ibon Agirre<\/p>\n<p align=\"center\">Mursego + Eten<\/p>\n<p align=\"center\">Gorka Irurtia<\/p>\n<p align=\"center\">Audience<\/p>\n<p style=\"text-align: center;\">Asier Gonzalez<\/p>\n<p style=\"width: 400px; color: #f2f2f2; border-bottom: 1px solid #332f2f; font-size: 25px; margin-bottom: 20px; margin-top: 35px; font-family: 'Julius Sans One', sans-serif;\" align=\"center\"><strong>Essentials<\/strong><\/p>\n<p align=\"center\">Zuri\u00f1e Mendizabal<\/p>\n<p align=\"center\">Zuri\u00f1e Elordui<\/p>\n<p align=\"center\">Zuri\u00f1e Cobo<\/p>\n<p align=\"center\">Zigor Etxebarria<\/p>\n<p align=\"center\">Xole Fourcade<\/p>\n<p align=\"center\">Xabier Monasterio<\/p>\n<p align=\"center\">Xabier Lauzurika<\/p>\n<p align=\"center\">Xabier Ba\u00f1uelos<\/p>\n<p align=\"center\">Xabi Arzellus Mari\u00f1elarena<\/p>\n<p align=\"center\">Viviana Tomassetti<\/p>\n<p align=\"center\">Unai Foruria<\/p>\n<p align=\"center\">Trini Zabala Artetxe<\/p>\n<p align=\"center\">Tomas Fernando<\/p>\n<p align=\"center\">Sylvie eta Alain Fourcade<\/p>\n<p align=\"center\">Silvia Aymerich<\/p>\n<p align=\"center\">Sigurgeir Steingr\u00edmsson<\/p>\n<p align=\"center\">Sarah J. Turtle eta I\u00f1aki Mendiguren<\/p>\n<p align=\"center\">Riki Padilla eta Latxa<\/p>\n<p align=\"center\">Ramon Vila<\/p>\n<p align=\"center\">Philippe Jaureguiberry-Rospide<\/p>\n<p align=\"center\">Pili Sainz<\/p>\n<p align=\"center\">Pette Etxebarria<\/p>\n<p align=\"center\">Pello Elzaburu<\/p>\n<p align=\"center\">Pedro Guallar<\/p>\n<p align=\"center\">Olatz Castro<\/p>\n<p align=\"center\">Olatz Artola<\/p>\n<p align=\"center\">Oier Karrantza<\/p>\n<p align=\"center\">Noa Arranz<\/p>\n<p align=\"center\">Nerea Uribe<\/p>\n<p align=\"center\">Nerea Bolibar<\/p>\n<p align=\"center\">Nati Alkoz<\/p>\n<p align=\"center\">Narayana Simja<\/p>\n<p align=\"center\">Nahia Rompteaux<\/p>\n<p align=\"center\">Mirentxu Goikoetxea<\/p>\n<p align=\"center\">Miren Amuriza<\/p>\n<p align=\"center\">Mikel Rementeria Renteria<\/p>\n<p align=\"center\">Mikel Mugiro Mari\u00f1elarena<\/p>\n<p align=\"center\">Mikel Aizpuru<\/p>\n<p align=\"center\">Miguel Escudero<\/p>\n<p align=\"center\">Mieltxo Monfort<\/p>\n<p align=\"center\">Miel Barberena<\/p>\n<p align=\"center\">Miel Angel Elustondo<\/p>\n<p align=\"center\">Michele Palangio<\/p>\n<p align=\"center\">Mercedes Jover<\/p>\n<p align=\"center\">Mattin Irigoien<\/p>\n<p align=\"center\">Marta Prol<\/p>\n<p align=\"center\">Mariasun Requero Zabala<\/p>\n<p align=\"center\">Maria Tomasa Oiarzun Gelbenzu<\/p>\n<p align=\"center\">Mari Fernandez<\/p>\n<p align=\"center\">Mari Davies<\/p>\n<p align=\"center\">Maite Urrutia<\/p>\n<p align=\"center\">Maite Taranko<\/p>\n<p align=\"center\">Maite Garcia Rojas<\/p>\n<p align=\"center\">Maite Garcia<\/p>\n<p align=\"center\">Maika Auzqui<\/p>\n<p align=\"center\">Maialen Aguer<\/p>\n<p align=\"center\">Maddi Arranz<\/p>\n<p align=\"center\">Lydia Zapata<\/p>\n<p align=\"center\">Lurdes Azpiazu<\/p>\n<p align=\"center\">Loren Ortiz<\/p>\n<p align=\"center\">Leire Bidart<\/p>\n<p align=\"center\">Laura Urdin Alcoz<\/p>\n<p align=\"center\">Laura Fuentes<\/p>\n<p align=\"center\">Laura Chioffi<\/p>\n<p align=\"center\">Laurence Samanos<\/p>\n<p align=\"center\">Laida Erguy<\/p>\n<p align=\"center\">Koro Merkader<\/p>\n<p align=\"center\">Koldo Alvarez<\/p>\n<p align=\"center\">Koldo Aldasoro<\/p>\n<p align=\"center\">Kike Galarza<\/p>\n<p align=\"center\">Karmele Perez Lizarralde<\/p>\n<p align=\"center\">Karmelo Egia<\/p>\n<p align=\"center\">Karla Foruria<\/p>\n<p align=\"center\">June Barneix eta Jean-Paul Aguer<\/p>\n<p align=\"center\">Julen Arexolaleiba<\/p>\n<p align=\"center\">Juana Maria Zizur Gurbindu<\/p>\n<p align=\"center\">Juan Martin Santesteban<\/p>\n<p align=\"center\">Juan Martin Elizondo<\/p>\n<p align=\"center\">Juan Luis Aranburu<\/p>\n<p align=\"center\">Juan Carlos Urdin<\/p>\n<p align=\"center\">Joxepe Irigarai<\/p>\n<p align=\"center\">Josu Mugiro Mari\u00f1elarena<\/p>\n<p align=\"center\">Josu Martinez<\/p>\n<p align=\"center\">Josu Aginaga Santesteban<\/p>\n<p align=\"center\">Joseba Otondo<\/p>\n<p align=\"center\">Joseba Irazabal<\/p>\n<p align=\"center\">Joseba Castro<\/p>\n<p align=\"center\">Jose Mari Argoitia<\/p>\n<p align=\"center\">Jose Etxegoien<\/p>\n<p align=\"center\">Jon Urru<\/p>\n<p align=\"center\">Jon Rementeria Renteria<\/p>\n<p align=\"center\">Joanes Etxegoien<\/p>\n<p align=\"center\">Joana Pochelu<\/p>\n<p align=\"center\">Joana Guerra<\/p>\n<p align=\"center\">Jesus Sesma<\/p>\n<p align=\"center\">Jesus Altuna<\/p>\n<p align=\"center\">Jean Mixel Puxulu<\/p>\n<p align=\"center\">Jaione Agirre<\/p>\n<p align=\"center\">Jaime Barberena<\/p>\n<p align=\"center\">Jabi Zabala<\/p>\n<p align=\"center\">Itziar Egia<\/p>\n<p align=\"center\">Itxaso Olabarri<\/p>\n<p align=\"center\">Itxaso Frau<\/p>\n<p align=\"center\">Itxaro Borda<\/p>\n<p align=\"center\">Isabelle eta Olivier Auzqui<\/p>\n<p align=\"center\">Isabel Isazelaia<\/p>\n<p align=\"center\">Irune Requero Zabala<\/p>\n<p align=\"center\">Iraia Agirregoitia<\/p>\n<p align=\"center\">Ion Rodriguez<\/p>\n<p align=\"center\">I\u00f1igo Arteatx<\/p>\n<p align=\"center\">I\u00f1aki Lasagabaster<\/p>\n<p align=\"center\">I\u00f1aki Larra\u00f1aga<\/p>\n<p align=\"center\">I\u00f1aki Garcia Camino<\/p>\n<p align=\"center\">Inma Mu\u00f1oa<\/p>\n<p align=\"center\">Igor Uribe<\/p>\n<p align=\"center\">Idoia Lorente<\/p>\n<p align=\"center\">Ibon Ostolaza<\/p>\n<p align=\"center\">Iban Ithurbide<\/p>\n<p align=\"center\">Ibai Kareaga<\/p>\n<p align=\"center\">Hodei Iruretagoiena<\/p>\n<p align=\"center\">Hiromi Yoshida<\/p>\n<p align=\"center\">Harkaitz Albizu<\/p>\n<p align=\"center\">Gudrun Nordal<\/p>\n<p align=\"center\">Gotzone Egia<\/p>\n<p align=\"center\">Gotzon Camacho<\/p>\n<p align=\"center\">Gorka Marroquin Guerrero<\/p>\n<p align=\"center\">Gontzal Aparicio<\/p>\n<p align=\"center\">Gis\u00e8le Dufau eta Xemark Harotzarene<\/p>\n<p align=\"center\">German Castro<\/p>\n<p align=\"center\">Gerizeti Zubiaurre<\/p>\n<p align=\"center\">Gasteizko Koldo Mitxelena Liburutegiko langileak<\/p>\n<p align=\"center\">Garbi\u00f1e Lopez<\/p>\n<p align=\"center\">Gaizka Unzueta<\/p>\n<p align=\"center\">Fernando Sanchez<\/p>\n<p align=\"center\">Felix Lopez<\/p>\n<p align=\"center\">Estibalitz Quintana<\/p>\n<p align=\"center\">Erlantz Etxegarai<\/p>\n<p align=\"center\">Eric Heusveldt<\/p>\n<p align=\"center\">Eli Mazas<\/p>\n<p align=\"center\">Eihartz Zubiaurre<\/p>\n<p align=\"center\">Eduardo Alfaro Pe\u00f1a<\/p>\n<p align=\"center\">Davide Filgueiras<\/p>\n<p align=\"center\">Conchi de la Rua<\/p>\n<p align=\"center\">Claude Mounole<\/p>\n<p align=\"center\">Christophe Piccinelli<\/p>\n<p align=\"center\">Chiara Muttley<\/p>\n<p align=\"center\">Chantal eta Didier Erguy<\/p>\n<p align=\"center\">C\u00e9line Mounole<\/p>\n<p align=\"center\">C\u00e9line eta Fr\u00e9d\u00e9ric Barrere<\/p>\n<p align=\"center\">Carmen Renteria<\/p>\n<p align=\"center\">Bernadette Orhategaray<\/p>\n<p align=\"center\">Be\u00f1at Berruetabe\u00f1a<\/p>\n<p align=\"center\">Be\u00f1at Aiartza<\/p>\n<p align=\"center\">Asisko<\/p>\n<p align=\"center\">Asier Altuna<\/p>\n<p align=\"center\">Ascen Lopez<\/p>\n<p align=\"center\">Arantza Madariaga<\/p>\n<p align=\"center\">A\u00f1orgako Ganuza familia<\/p>\n<p align=\"center\">Anjel Mari Loperena<\/p>\n<p align=\"center\">Ane Galdos<\/p>\n<p align=\"center\">Ando Fernandez<\/p>\n<p align=\"center\">Alex Mendizabal<\/p>\n<p align=\"center\">Alain Rompteaux eta Martine Sistiague<\/p>\n<p align=\"center\">Alaia Barrere<\/p>\n<p align=\"center\">Aitor Suarez<\/p>\n<p align=\"center\">Aitor Sanchez<\/p>\n<p align=\"center\">Aintzira Goikoetxea<\/p>\n<p align=\"center\">Aitziber Zengotitabengoa<\/p>\n<p align=\"center\">Aintzane Lekue<\/p>\n<p align=\"center\">Ainhoa Markinez<\/p>\n<p align=\"center\">Ainara Munt<\/p>\n<p align=\"center\">Ainara Harotzarene<\/p>\n<p align=\"center\">Ainara Aberasturi<\/p>\n<p align=\"center\">Agustina Mujika<\/p>\n<p align=\"center\">Agustin Azkarate<\/p>\n<p align=\"center\">Ager Insunza<\/p>\n<p align=\"center\">Adriano de Mata<\/p>\n<p align=\"center\">Adriano Cirulli<\/p>\n<p style=\"width: 400px; color: #f2f2f2; border-bottom: 1px solid #332f2f; font-size: 25px; margin-bottom: 20px; margin-top: 35px; font-family: 'Julius Sans One', sans-serif;\" align=\"center\">Institutions and Associations<\/p>\n<p align=\"center\">Bilbo Hiria Irratia<\/p>\n<p align=\"center\">Kafe Antzokia<\/p>\n<p align=\"center\">Euskaltzaindia<\/p>\n<p align=\"center\">Euskadiko Filmategia<\/p>\n<p align=\"center\">Aranzadi Zientzia Elkartea<\/p>\n<p align=\"center\">Oiasso Erromatar Museoa<\/p>\n<p align=\"center\">Mus\u00e9e du Louvre<\/p>\n<p align=\"center\">Nafarroako Museoa<\/p>\n<p align=\"center\">Bizkaiko Arkeologia Museoa<\/p>\n<p align=\"center\">Arabako Arkeologia Museoa<\/p>\n<p align=\"center\">Igartubeiti Baserri Museoa<\/p>\n<p align=\"center\">Zumalakarregi Museoa<\/p>\n<p align=\"center\">Donostiako Untzi Museoa<\/p>\n<p align=\"center\">Nafarroako Gobernuko Kultura Zuzendaritza Nagusia<\/p>\n<p align=\"center\">Gasteizko Udala<\/p>\n<p align=\"center\">Oiartzungo Udala<\/p>\n<p align=\"center\">Larresoroko Herriko Etxea<\/p>\n<p align=\"center\">Ezkio-Itsasoko Udala<\/p>\n<p align=\"center\">Balmasedako udala<\/p>\n<p align=\"center\">EKE<\/p>\n<p align=\"center\">Mendigorriako II Cohors Vasconum<\/p>\n<p align=\"center\">Colchester Roman Society<\/p>\n<p align=\"center\">Associazione Culturale Euskara<\/p>\n<p align=\"center\">Islandiar Ikerketarako \u00c1rni Magnusson Institutua<\/p>\n<p align=\"center\">Albaola Itsas Kultur Erakundea<\/p>\n<p align=\"center\">Andia Kultur Elkartea<\/p>\n<p align=\"center\">Gorga A\u00f1orgako Historia mintegia<\/p>\n<p align=\"center\">Koldo Mitxelena Kulturgunea<\/p>\n<p align=\"center\">Santa Maria Katedrala Fundazioa<\/p>\n<p align=\"center\">Ekainberri<\/p>\n<p align=\"center\">Berria<\/p>\n<p align=\"center\">Argia<\/p>\n<p align=\"center\">Atoan<\/p>\n<p align=\"center\">Xorroxin irratia<\/p>\n<p align=\"center\">Euskalerria Irratia<\/p>\n<p align=\"center\">Berbaizu euskara elkartea<\/p>\n<p align=\"center\">Bidehuts<\/p>\n<p align=\"center\">Sailoog.com<\/p>\n<p align=\"center\">EHUko Gasteizko Letren Fakultatea<\/p>\n<p align=\"center\">Bidebarrieta Liburutegia<\/p>\n<p align=\"center\">Berde Produkzioak<\/p>\n<p align=\"center\">Txintxua Films<\/p>\n<p align=\"center\">Kanaldude<\/p>\n<p align=\"center\">Irusoin<\/p>\n<p align=\"center\">Orio Produkzioak<\/p>\n<p align=\"center\">Lenbur Fundazioa<\/p>\n<p align=\"center\">Agurain Kuadrilako Kultur Saila<\/p>\n<p align=\"center\">Casa de Beneficiados Hotel Roncesvalles<\/p>\n<p align=\"center\">Simon Otxandategi dantza taldea<\/p>\n<p align=\"center\">Arditurri Meategia<\/p>\n<p align=\"center\">Felix Ugarte Elkartea<\/p>\n<p align=\"center\">Somuga elkartea<\/p>\n<p align=\"center\">Komite Internazionalistak<\/p>\n<p align=\"center\">Laukizko Gaztedi sokatira taldea<\/p>\n<p align=\"center\">Aguraingo Eskualdeko turismo bulegoa<\/p>\n<p align=\"center\">Donemiliagako Yusoko Monastegia<\/p>\n<p align=\"center\">Villasuso Jauregia<\/p>\n<p align=\"center\">Juan Crisostomo Arriaga Bilboko Musika Kontserbatorioa<\/p>\n<p align=\"center\">Gasteizko Seminarioko Liburutegia<\/p>\n<p align=\"center\">Eneko Aritzaren Lagunak taldea<\/p>\n<p align=\"center\">Arabako Parke Naturala<\/p>\n<p align=\"center\">Lautur Lautadako Turismoa<\/p>\n<p>&nbsp;<\/p>\n<\/div>\n","protected":false},"excerpt":{"rendered":"<p>&nbsp; &nbsp; interviews William Anthony Douglass Peter Bakker Neskuts Izagirre Nodge Nolan Miren Ega\u00f1a Goya Mertxe Urteaga Lourdes Otaegi Jurgi Kintana Juan Jose Larrea Joseba Lakarra Joseba Agirreazkuenaga Jose Angel Irigaray Jon Sarasua Joaquin Gorrotxategi Jacques Blot Iratxe Esnaola I\u00f1aki Camino Elena Torregarai Diego Garate Be\u00f1at Oihartzabal Belen Bengoetxea Antonio Breschi Amaia Aire Music Unai [&hellip;]<\/p>\n","protected":false},"author":12,"featured_media":3699,"parent":0,"menu_order":0,"comment_status":"open","ping_status":"open","template":"template-fullwidth.php","meta":[],"_links":{"self":[{"href":"https:\/\/www.euskarajendea.eus\/en\/wp-json\/wp\/v2\/pages\/5872"}],"collection":[{"href":"https:\/\/www.euskarajendea.eus\/en\/wp-json\/wp\/v2\/pages"}],"about":[{"href":"https:\/\/www.euskarajendea.eus\/en\/wp-json\/wp\/v2\/types\/page"}],"author":[{"embeddable":true,"href":"https:\/\/www.euskarajendea.eus\/en\/wp-json\/wp\/v2\/users\/12"}],"replies":[{"embeddable":true,"href":"https:\/\/www.euskarajendea.eus\/en\/wp-json\/wp\/v2\/comments?post=5872"}],"version-history":[{"count":51,"href":"https:\/\/www.euskarajendea.eus\/en\/wp-json\/wp\/v2\/pages\/5872\/revisions"}],"predecessor-version":[{"id":7774,"href":"https:\/\/www.euskarajendea.eus\/en\/wp-json\/wp\/v2\/pages\/5872\/revisions\/7774"}],"wp:featuredmedia":[{"embeddable":true,"href":"https:\/\/www.euskarajendea.eus\/en\/wp-json\/wp\/v2\/media\/3699"}],"wp:attachment":[{"href":"https:\/\/www.euskarajendea.eus\/en\/wp-json\/wp\/v2\/media?parent=5872"}],"curies":[{"name":"wp","href":"https:\/\/api.w.org\/{rel}","templated":true}]}}