{"id":4194,"date":"2012-11-15T14:17:25","date_gmt":"2012-11-15T13:17:25","guid":{"rendered":"http:\/\/www.euskarajendea.eus\/dokumentala\/?page_id=4194"},"modified":"2016-12-31T12:27:08","modified_gmt":"2016-12-31T11:27:08","slug":"el-proyecto","status":"publish","type":"page","link":"https:\/\/www.euskarajendea.eus\/es\/el-proyecto","title":{"rendered":"Qu\u00e9 es"},"content":{"rendered":"<div class=\"column2 column_space\"><p><em>Vascos: su lengua a trav\u00e9s de la historia (Euskara Jendea) <\/em>es una serie documental coproducida por las asociaciones culturales Ibaizabal-Mendebalde y Zenbat Gara.<\/p>\n<p>Este trabajo de car\u00e1cter divulgativo, compuesto por seis cap\u00edtulos de aproximadamente 45 minutos de duraci\u00f3n, pretende presentar la historia del euskara y de su pueblo a un p\u00fablico diverso. Los documentales, en euskara en versi\u00f3n original, est\u00e1n subtitulados en varias lenguas.<\/p>\n<p>&nbsp;<\/p>\n<p>&nbsp;<\/p>\n<\/div>\n<div class=\"column2 clearfix\"><p>El proyecto documental<em> Euskara Jendea <\/em>tiene su origen en el libro que, bajo el mismo t\u00edtulo, public\u00f3 Xamar en 2006 en la editorial Pamiela, y viene a completar un vac\u00edo existente en el campo audiovisual, aprovechando las caracter\u00edsticas espec\u00edficas de este \u00e1mbito para su difusi\u00f3n.<\/p>\n<p>&nbsp;<\/p>\n<div class=\"noticebox info_blue\"><span class=\"close_notice\"><\/span> Se puede obtener\u00a0<em>Euskara Jendea<\/em> desde<a href=\"https:\/\/www.euskarajendea.eus\/dokumentala\/?product=6-dvdtako-bilduma-eta-liburuxka-bate&amp;lang=es\"> nuestra tienda online<\/a>.<\/div>\n<\/div><div class=\"clear\"><\/div>\n<div class=\"pie\">\n<div class=\"content\">\n<p>        <span>Producido por<\/span><\/p>\n<ul class=\"producers\">\n<li class=\"logo1\"><span><a href=\"http:\/\/www.mendebalde.com\/\" target=\"_blank\"> <\/a><\/span><\/li>\n<li class=\"logo2\"><span><a href=\"http:\/\/www.zenbatgara.org\/\" target=\"_blank\"> <\/a><\/span><\/li>\n<\/ul>\n<p>        <span>Patrocinadores<\/span><\/p>\n<ul class=\"partners\">\n<li class=\"logo3\"><span><a href=\"http:\/\/www.bizkaia.net\/\" target=\"_blank\"> <\/a><\/span><\/li>\n<li class=\"logo6\"><span><a href=\"http:\/\/www.euskadi.net\" target=\"_blank\"> <\/a><\/span><\/li>\n<li class=\"logo7\"><span><a href=\"http:\/\/www.euskokultur.com\" target=\"_blank\"> <\/a><\/span><\/li>\n<li class=\"logo4\"><span><a href=\"http:\/\/www.kutxasocial.net\" target=\"_blank\">  <\/a><\/span><\/li>\n<li class=\"logo5\"><span><a href=\"http:\/\/www.bilbao.net\/\" target=\"_blank\"> <\/a><\/span><\/li>\n<li class=\"logo8\"><span><a href=\"#\" target=\"_blank\"> <\/a><\/span><\/li>\n<li class=\"logo9\"><span><a href=\"#\" target=\"_blank\"> <\/a><\/span><\/li>\n<\/ul>\n<div class=\"clear\"><\/div>\n<div class=\"pie1\">\n<ul>\n<li><a href=\"https:\/\/www.euskarajendea.eus\/dokumentala\/?page_id=5483&amp;lang=es\" target=\"_parent\">QUIENES SOMOS<\/a><\/li>\n<li><a href=\"https:\/\/www.euskarajendea.eus\/dokumentala\/?page_id=5554&amp;lang=es\" target=\"_parent\">AVISO LEGAL<\/a><\/li>\n<li><a href=\"https:\/\/www.euskarajendea.eus\/dokumentala\/?page_id=5492&amp;lang=es\" target=\"_parent\">PRIVACIDAD Y PROTECCI\u00d3N DE DATOS PERSONALES<\/a><\/li>\n<\/ul>\n<\/div>\n","protected":false},"excerpt":{"rendered":"<p>Producido por Patrocinadores QUIENES SOMOS AVISO LEGAL PRIVACIDAD Y PROTECCI\u00d3N DE DATOS PERSONALES<\/p>\n","protected":false},"author":12,"featured_media":3698,"parent":0,"menu_order":0,"comment_status":"open","ping_status":"open","template":"template-fullwidth.php","meta":[],"_links":{"self":[{"href":"https:\/\/www.euskarajendea.eus\/es\/wp-json\/wp\/v2\/pages\/4194"}],"collection":[{"href":"https:\/\/www.euskarajendea.eus\/es\/wp-json\/wp\/v2\/pages"}],"about":[{"href":"https:\/\/www.euskarajendea.eus\/es\/wp-json\/wp\/v2\/types\/page"}],"author":[{"embeddable":true,"href":"https:\/\/www.euskarajendea.eus\/es\/wp-json\/wp\/v2\/users\/12"}],"replies":[{"embeddable":true,"href":"https:\/\/www.euskarajendea.eus\/es\/wp-json\/wp\/v2\/comments?post=4194"}],"version-history":[{"count":54,"href":"https:\/\/www.euskarajendea.eus\/es\/wp-json\/wp\/v2\/pages\/4194\/revisions"}],"predecessor-version":[{"id":7538,"href":"https:\/\/www.euskarajendea.eus\/es\/wp-json\/wp\/v2\/pages\/4194\/revisions\/7538"}],"wp:featuredmedia":[{"embeddable":true,"href":"https:\/\/www.euskarajendea.eus\/es\/wp-json\/wp\/v2\/media\/3698"}],"wp:attachment":[{"href":"https:\/\/www.euskarajendea.eus\/es\/wp-json\/wp\/v2\/media?parent=4194"}],"curies":[{"name":"wp","href":"https:\/\/api.w.org\/{rel}","templated":true}]}}