{"id":5302,"date":"2012-11-24T10:34:52","date_gmt":"2012-11-24T09:34:52","guid":{"rendered":"http:\/\/www.euskarajendea.eus\/dokumentala\/?page_id=5302"},"modified":"2013-02-11T14:23:34","modified_gmt":"2013-02-11T14:23:34","slug":"5-atala-gerren-arteko-pizkundean","status":"publish","type":"page","link":"https:\/\/www.euskarajendea.eus\/es\/5-atala-gerren-arteko-pizkundean","title":{"rendered":"DESPERTANDO A LA CONCIENCIA"},"content":{"rendered":"<div class=\"column2 column_space\"><div class=\"flexslider-container-page flexislider-container-ID50bd02ff1aa8 clearfix\">\n<div id=\"flexID50bd02ff1aa8\" class=\"flexslider\">\n<ul class=\"slides\">\n<li><img decoding=\"async\" src=\"https:\/\/www.euskarajendea.eus\/dokumentala\/wp-content\/uploads\/5.1.jpg\" alt=\"\" \/><\/li>\n<li><img decoding=\"async\" src=\"https:\/\/www.euskarajendea.eus\/dokumentala\/wp-content\/uploads\/5.2.jpg\" alt=\"\" \/><\/li>\n<\/ul>\n<\/div>\n<p><script type=\"text\/javascript\">\/\/ <![CDATA[\njQuery(window).load(function() {\n\t\tjQuery(\"#flexID50bd02ff1aa8\").flexslider({\n\t\t\tanimation: \"slide\",\n\t\t\tslideshow: true,\n\t\t\tpauseOnAction: true,\n\t\t\tpauseOnHover: false,\n\t\t\tcontrolsContainer: \"flexslider-container-ID50bd02ff1aa8\"\n\t\t});\n\t});\n\/\/ ]]><\/script><\/p>\n<\/div>\n<\/div>\n<div class=\"column2 clearfix\"><p><span style=\"color: #ffffff;\"><strong>Resumen:<\/strong><\/span><br \/>\nTras la Revoluci\u00f3n Francesa y la supresi\u00f3n de los Fueros, las pol\u00edticas ling\u00fc\u00edsticas favorables al franc\u00e9s y al espa\u00f1ol se multiplicaron en detrimento del euskara.<\/p>\n<p>En el siglo XIX, por otro lado, al igual que en toda Europa, se empez\u00f3 a recoger, a poner sobre el papel y a valorar la cultura popular. Los trabajos de fil\u00f3logos y vasc\u00f3filos europeos (Humboldt, Bonaparte\u2026) influyeron en los investigadores del Pa\u00eds Vasco (Azkue, Barandiaran\u2026). A su vez, se produjo un despertar de la conciencia en torno a la lengua y al pa\u00eds (Juegos Florales, <em>Zazpiak Bat<\/em>\u2026).<\/p>\n<p>Al final del siglo XIX y al inicio del XX hubo un resurgir de la cultura: instituciones (Eusko Ikaskuntza, Euskaltzaindia\u2026); asociaciones (Euskaltzaleak\u2026); prensa (<em>Eskualduna, Eguna<\/em>\u2026); literatura; bertsolarismo\u2026<\/p>\n<\/div><div class=\"clear\"><\/div>\n<div class=\"column2 column_space\"><p><strong><br \/>\n<\/strong><\/p>\n<div class=\"spaced-wrap clearfix\">\n<div class=\"flexslider-container-page flexislider-container-ID69d01f01e428 clearfix\">\n<div id=\"flexID69d01f01e428\" class=\"flexslider\">\n<ul class=\"slides\">\n<li><img src=\"https:\/\/www.euskarajendea.eus\/dokumentala\/wp-content\/uploads\/camino-1020x5731.jpg\" alt=\"camino-1020x573\" \/><\/li>\n<li><img src=\"https:\/\/www.euskarajendea.eus\/dokumentala\/wp-content\/uploads\/PROIEKTUA.Still021-1020x573.jpg\" alt=\"PROIEKTUA.Still021-1020x573\" \/><\/li>\n<li><img src=\"https:\/\/www.euskarajendea.eus\/dokumentala\/wp-content\/uploads\/jurgi1.jpg\" alt=\"jurgi\" \/><\/li>\n<li><img src=\"https:\/\/www.euskarajendea.eus\/dokumentala\/wp-content\/uploads\/douglass-1020x5731.jpg\" alt=\"douglass-1020x573\" \/><\/li>\n<li><img src=\"https:\/\/www.euskarajendea.eus\/dokumentala\/wp-content\/uploads\/camino-1020x5731.jpg\" alt=\"camino-1020x573\" \/><\/li>\n<li><img src=\"https:\/\/www.euskarajendea.eus\/dokumentala\/wp-content\/uploads\/PROIEKTUA.Still021-1020x573.jpg\" alt=\"PROIEKTUA.Still021-1020x573\" \/><\/li>\n<li><img src=\"https:\/\/www.euskarajendea.eus\/dokumentala\/wp-content\/uploads\/jurgi1.jpg\" alt=\"jurgi\" \/><\/li>\n<li><img src=\"https:\/\/www.euskarajendea.eus\/dokumentala\/wp-content\/uploads\/douglass-1020x5731.jpg\" alt=\"douglass-1020x573\" \/><\/li>\n<li><img src=\"https:\/\/www.euskarajendea.eus\/dokumentala\/wp-content\/uploads\/camino-1020x5732.jpg\" alt=\"camino-1020x573\" \/><\/li>\n<li><img src=\"https:\/\/www.euskarajendea.eus\/dokumentala\/wp-content\/uploads\/PROIEKTUA.Still021-1020x5731.jpg\" alt=\"PROIEKTUA.Still021-1020x573\" \/><\/li>\n<li><img src=\"https:\/\/www.euskarajendea.eus\/dokumentala\/wp-content\/uploads\/jurgi2.jpg\" alt=\"jurgi\" \/><\/li>\n<li><img src=\"https:\/\/www.euskarajendea.eus\/dokumentala\/wp-content\/uploads\/douglass-1020x5732.jpg\" alt=\"douglass-1020x573\" \/><\/li>\n<li><img src=\"https:\/\/www.euskarajendea.eus\/dokumentala\/wp-content\/uploads\/camino-1020x5733.jpg\" alt=\"camino-1020x573\" \/><\/li>\n<li><img src=\"https:\/\/www.euskarajendea.eus\/dokumentala\/wp-content\/uploads\/PROIEKTUA.Still021-1020x5732.jpg\" alt=\"PROIEKTUA.Still021-1020x573\" \/><\/li>\n<li><img src=\"https:\/\/www.euskarajendea.eus\/dokumentala\/wp-content\/uploads\/jurgi3.jpg\" alt=\"jurgi\" \/><\/li>\n<li><img src=\"https:\/\/www.euskarajendea.eus\/dokumentala\/wp-content\/uploads\/douglass-1020x5733.jpg\" alt=\"douglass-1020x573\" \/><\/li>\n<li><img src=\"https:\/\/www.euskarajendea.eus\/dokumentala\/wp-content\/uploads\/camino-1020x573.jpg\" alt=\"camino\" \/><\/li>\n<li><img src=\"https:\/\/www.euskarajendea.eus\/dokumentala\/wp-content\/uploads\/PROIEKTUA.Still009-1020x573.jpg\" alt=\"PROIEKTUA.Still009\" \/><\/li>\n<li><img src=\"https:\/\/www.euskarajendea.eus\/dokumentala\/wp-content\/uploads\/jurgi.jpg\" alt=\"jurgi\" \/><\/li>\n<li><img src=\"https:\/\/www.euskarajendea.eus\/dokumentala\/wp-content\/uploads\/douglass-1020x573.jpg\" alt=\"douglass\" \/><\/li>\n<\/ul>\n<\/div>\n<\/div>\n<div class=\"clear\"><\/div>\n<\/div>\n<p><script type=\"text\/javascript\">\n\tjQuery(window).load(function() {\n\t\tjQuery(\"#flexID69d01f01e428\").flexslider({\n\t\t\tanimation: \"fade\",\n\t\t\tslideshow: true,\n\t\t\tpauseOnAction: true,\n\t\t\tpauseOnHover: true,\n\t\t\tsmoothHeight: true,\n\t\t\tcontrolsContainer: \"flexslider-container-ID69d01f01e428\",\n\t\t\tstart: function(){\n\t\t\t\tjQuery(\".flexslider-container-page\").css(\"background\",\"none\");\n\t\t\t},\n\t\t});\n\t});\n<\/script><\/p>\n<\/div>\n<div class=\"column2 clearfix\"><p><strong style=\"color: #fff;\"><\/strong><\/p>\n<p><strong><span style=\"color: #ffffff;\">Entrevistas:<\/span><br \/>\nI\u00f1aki Camino:<\/strong> fil\u00f3logo y profesor de la Universidad del Pa\u00eds Vasco<br \/>\n<strong>Lourdes Otaegi:<\/strong> profesora del departamento de Ling\u00fc\u00edstica y Estudios Vascos de la Universidad del Pa\u00eds Vasco<br \/>\n<strong>Jurgi Kintana:<\/strong> doctor en Historia y miembro de la Universidad Vasca de Verano<br \/>\n<strong>William Douglass:<\/strong> antrop\u00f3logo e impulsor del Centro de Estudios Vascos de la Universidad de Nevada-Reno<\/p>\n<p><span style=\"color: #ffffff;\"><strong>M\u00fasica:<\/strong><\/span><br \/>\nJoseba Tapia, Josu Zabala<\/p>\n<p>&nbsp;<\/p>\n<\/div><div class=\"clear\"><\/div>\n","protected":false},"excerpt":{"rendered":"","protected":false},"author":12,"featured_media":4054,"parent":0,"menu_order":0,"comment_status":"open","ping_status":"open","template":"template-fullwidth.php","meta":[],"_links":{"self":[{"href":"https:\/\/www.euskarajendea.eus\/es\/wp-json\/wp\/v2\/pages\/5302"}],"collection":[{"href":"https:\/\/www.euskarajendea.eus\/es\/wp-json\/wp\/v2\/pages"}],"about":[{"href":"https:\/\/www.euskarajendea.eus\/es\/wp-json\/wp\/v2\/types\/page"}],"author":[{"embeddable":true,"href":"https:\/\/www.euskarajendea.eus\/es\/wp-json\/wp\/v2\/users\/12"}],"replies":[{"embeddable":true,"href":"https:\/\/www.euskarajendea.eus\/es\/wp-json\/wp\/v2\/comments?post=5302"}],"version-history":[{"count":6,"href":"https:\/\/www.euskarajendea.eus\/es\/wp-json\/wp\/v2\/pages\/5302\/revisions"}],"predecessor-version":[{"id":5312,"href":"https:\/\/www.euskarajendea.eus\/es\/wp-json\/wp\/v2\/pages\/5302\/revisions\/5312"}],"wp:featuredmedia":[{"embeddable":true,"href":"https:\/\/www.euskarajendea.eus\/es\/wp-json\/wp\/v2\/media\/4054"}],"wp:attachment":[{"href":"https:\/\/www.euskarajendea.eus\/es\/wp-json\/wp\/v2\/media?parent=5302"}],"curies":[{"name":"wp","href":"https:\/\/api.w.org\/{rel}","templated":true}]}}