{"id":4192,"date":"2012-11-15T14:17:25","date_gmt":"2012-11-15T13:17:25","guid":{"rendered":"http:\/\/www.euskarajendea.eus\/dokumentala\/?page_id=4192"},"modified":"2016-12-31T13:03:23","modified_gmt":"2016-12-31T12:03:23","slug":"a-propos","status":"publish","type":"page","link":"https:\/\/www.euskarajendea.eus\/fr\/a-propos","title":{"rendered":"\u00c0 propos de \u00ab\u00a0Euskara Jendea\u00a0\u00bb"},"content":{"rendered":"<div class=\"column2 column_space\"><p><em>Les Basques : l\u2019histoire de notre langue, la langue de notre histoire<\/em> <em>(Euskara Jendea),<\/em> est une s\u00e9rie documentaire coproduite par les associations culturelles <strong>Ibaizabal Mendebalde<\/strong> et <strong>Zenbat Gara<\/strong>.<\/p>\n<p>A travers ce documentaire d\u2019information compos\u00e9 de six \u00e9pisodes d\u2019environ 45 minutes, le but est de pr\u00e9senter \u00e0 un large public, l\u2019histoire de la langue basque et du Pays Basque. Le documentaire, en basque en version originale, est sous-titr\u00e9 en plusieurs langues. Un mat\u00e9riel p\u00e9dagogique est \u00e9galement pr\u00e9vu.<\/p>\n<\/div>\n<div class=\"column2 clearfix\"><p>Le projet<em> Euskara Jendea <\/em>a comme point de d\u00e9part le livre \u00e9ponyme de Xamar (Pamiela, 2006), et veut combler le vide qui se trouvait dans le domaine audiovisuel en tirant parti de la capacit\u00e9 de diffusion de ce moyen de communication.<\/p>\n<p>&nbsp;<\/p>\n<div class=\"noticebox info_blue\"><span class=\"close_notice\"><\/span><em>Euskara Jendea<\/em> sortira <a href=\"https:\/\/www.euskarajendea.eus\/dokumentala\/?product=6-dvdtako-bilduma-eta-liburuxka-bate&amp;lang=fr\">peuvent \u00eatre achet\u00e9s ici.<\/a>.<\/p>\n<\/div>\n<\/div><div class=\"clear\"><\/div>\n<div class=\"pie\">\n<div class=\"content\">\n<p>        <span>Producteurs<\/span><\/p>\n<ul class=\"producers\">\n<li class=\"logo1\"><span><a href=\"http:\/\/www.mendebalde.com\/\" target=\"_blank\"> <\/a><\/span><\/li>\n<li class=\"logo2\"><span><a href=\"http:\/\/www.zenbatgara.org\/\" target=\"_blank\"> <\/a><\/span><\/li>\n<\/ul>\n<p>        <span>Sponsors<\/span><\/p>\n<ul class=\"partners\">\n<li class=\"logo3\"><span><a href=\"http:\/\/www.bizkaia.net\/\" target=\"_blank\"> <\/a><\/span><\/li>\n<li class=\"logo6\"><span><a href=\"http:\/\/www.euskadi.net\" target=\"_blank\"> <\/a><\/span><\/li>\n<li class=\"logo7\"><span><a href=\"http:\/\/www.euskokultur.com\" target=\"_blank\"> <\/a><\/span><\/li>\n<li class=\"logo4\"><span><a href=\"http:\/\/www.kutxasocial.net\" target=\"_blank\">  <\/a><\/span><\/li>\n<li class=\"logo5\"><span><a href=\"http:\/\/www.bilbao.net\/\" target=\"_blank\"> <\/a><\/span><\/li>\n<li class=\"logo8\"><span><a href=\"#\" target=\"_blank\"> <\/a><\/span><\/li>\n<li class=\"logo9\"><span><a href=\"#\" target=\"_blank\"> <\/a><\/span><\/li>\n<\/ul>\n<div class=\"clear\"><\/div>\n<div class=\"clear\"><\/div>\n<div class=\"pie1\">\n<ul>\n<li><a href=\"https:\/\/www.euskarajendea.eus\/dokumentala\/?page_id=5483\" target=\"_parent\">NOR GAREN<\/a><\/li>\n<li><a href=\"https:\/\/www.euskarajendea.eus\/dokumentala\/?page_id=5488\" target=\"_parent\">LEGEZKO OHARRA <\/a><\/li>\n<li><a href=\"https:\/\/www.euskarajendea.eus\/dokumentala\/?page_id=5490\" target=\"_parent\">Pribatutasuna eta datu pertsonalak<\/a><\/li>\n<\/ul>\n<\/div>\n","protected":false},"excerpt":{"rendered":"<p>Producteurs Sponsors NOR GAREN LEGEZKO OHARRA Pribatutasuna eta datu pertsonalak<\/p>\n","protected":false},"author":12,"featured_media":3698,"parent":0,"menu_order":0,"comment_status":"open","ping_status":"open","template":"template-fullwidth.php","meta":[],"_links":{"self":[{"href":"https:\/\/www.euskarajendea.eus\/fr\/wp-json\/wp\/v2\/pages\/4192"}],"collection":[{"href":"https:\/\/www.euskarajendea.eus\/fr\/wp-json\/wp\/v2\/pages"}],"about":[{"href":"https:\/\/www.euskarajendea.eus\/fr\/wp-json\/wp\/v2\/types\/page"}],"author":[{"embeddable":true,"href":"https:\/\/www.euskarajendea.eus\/fr\/wp-json\/wp\/v2\/users\/12"}],"replies":[{"embeddable":true,"href":"https:\/\/www.euskarajendea.eus\/fr\/wp-json\/wp\/v2\/comments?post=4192"}],"version-history":[{"count":38,"href":"https:\/\/www.euskarajendea.eus\/fr\/wp-json\/wp\/v2\/pages\/4192\/revisions"}],"predecessor-version":[{"id":7801,"href":"https:\/\/www.euskarajendea.eus\/fr\/wp-json\/wp\/v2\/pages\/4192\/revisions\/7801"}],"wp:featuredmedia":[{"embeddable":true,"href":"https:\/\/www.euskarajendea.eus\/fr\/wp-json\/wp\/v2\/media\/3698"}],"wp:attachment":[{"href":"https:\/\/www.euskarajendea.eus\/fr\/wp-json\/wp\/v2\/media?parent=4192"}],"curies":[{"name":"wp","href":"https:\/\/api.w.org\/{rel}","templated":true}]}}