{"id":5570,"date":"2012-11-14T17:43:04","date_gmt":"2012-11-14T16:43:04","guid":{"rendered":"http:\/\/www.euskarajendea.eus\/dokumentala\/?page_id=5570"},"modified":"2013-02-15T13:14:07","modified_gmt":"2013-02-15T13:14:07","slug":"aitzinsolasa","status":"publish","type":"page","link":"https:\/\/www.euskarajendea.eus\/fr\/aitzinsolasa","title":{"rendered":"AVANT-PROPOS"},"content":{"rendered":"<div class=\"column43 column_space\"><div class=\"pullquote-center\">\n<blockquote>\n<p>La connaissance des peuples et des cultures qui nous entourent est souvent bas\u00e9e sur des clich\u00e9s ancr\u00e9s dans le temps, sur un regard biais\u00e9 et des pr\u00e9jug\u00e9s sournois, qui tendent \u00e0 former un ramassis de lieux communs. Ce manque de connaissance se retrouve dans de nombreuses cultures non-officielles \u2013d\u00fb \u00e0 diff\u00e9rentes raisons historiques. De ce fait, l\u2019auto-perception minoris\u00e9e et honteuse est l\u2019image la plus r\u00e9pandue parmi les citoyens de telles cultures.<\/p>\n<p>Les recherches en histoire et en linguistique ont prouv\u00e9 depuis longtemps que les pr\u00e9jug\u00e9s courants que les Basques ont sur leur pays (un pays isol\u00e9, non-civilis\u00e9, une langue pure, une culture d\u2019origine\u2026) sont absolument faux\u00a0; mais malheureusement, sans aucune possibilit\u00e9s de v\u00e9hiculer une image plus juste, la plupart des basques gardent en eux ces pr\u00e9jug\u00e9s.<\/p>\n<p>Voulant combler le foss\u00e9 qu\u2019il y a entre recherches s\u00e9rieuses et clich\u00e9s, nous avons d\u00e9j\u00e0 publi\u00e9 quelques ouvrages, mais ce n\u2019est \u00e9videmment pas suffisant. C\u2019est notamment pour cette raison que je me r\u00e9jouis de pr\u00e9senter cette s\u00e9rie documentaire sur les Basques, r\u00e9alis\u00e9e par les associations culturelles Zenbat Gara et Ibaizabal Mendebalde, en esp\u00e9rant que la transition du livre vers le monde de audiovisuel contribuera \u00e0 am\u00e9liorer la perception que nous avons de notre Pays et sa culture.<br \/>\n<strong style=\"font-size: 22px; padding-left: 120px; color: #ccc;\">Xamar<\/strong><\/p>\n<\/blockquote>\n<\/div>\n<p>&nbsp;<\/p>\n<p><strong style=\"font-size: 22px;\"><br \/>\n<\/strong><\/p>\n<\/div>\n<div class=\"column4 clearfix\"><p><a href=\"http:\/\/www.pamiela.com\/index.php?page=shop.product_details&amp;category_id=35&amp;flypage=flypage.tpl&amp;product_id=74&amp;vmcchk=1&amp;option=com_virtuemart&amp;Itemid=132\" target=\"_blank\"><img decoding=\"async\" src=\"https:\/\/www.euskarajendea.eus\/dokumentala\/wp-content\/uploads\/euskara_jendea_liburua_portada.png\" alt=\"\" \/><\/a><\/p>\n<\/div><div class=\"clear\"><\/div>\n<p>&nbsp;<\/p>\n","protected":false},"excerpt":{"rendered":"<p>&nbsp;<\/p>\n","protected":false},"author":12,"featured_media":3698,"parent":0,"menu_order":0,"comment_status":"open","ping_status":"open","template":"template-fullwidth.php","meta":[],"_links":{"self":[{"href":"https:\/\/www.euskarajendea.eus\/fr\/wp-json\/wp\/v2\/pages\/5570"}],"collection":[{"href":"https:\/\/www.euskarajendea.eus\/fr\/wp-json\/wp\/v2\/pages"}],"about":[{"href":"https:\/\/www.euskarajendea.eus\/fr\/wp-json\/wp\/v2\/types\/page"}],"author":[{"embeddable":true,"href":"https:\/\/www.euskarajendea.eus\/fr\/wp-json\/wp\/v2\/users\/12"}],"replies":[{"embeddable":true,"href":"https:\/\/www.euskarajendea.eus\/fr\/wp-json\/wp\/v2\/comments?post=5570"}],"version-history":[{"count":5,"href":"https:\/\/www.euskarajendea.eus\/fr\/wp-json\/wp\/v2\/pages\/5570\/revisions"}],"predecessor-version":[{"id":5578,"href":"https:\/\/www.euskarajendea.eus\/fr\/wp-json\/wp\/v2\/pages\/5570\/revisions\/5578"}],"wp:featuredmedia":[{"embeddable":true,"href":"https:\/\/www.euskarajendea.eus\/fr\/wp-json\/wp\/v2\/media\/3698"}],"wp:attachment":[{"href":"https:\/\/www.euskarajendea.eus\/fr\/wp-json\/wp\/v2\/media?parent=5570"}],"curies":[{"name":"wp","href":"https:\/\/api.w.org\/{rel}","templated":true}]}}