{"id":5617,"date":"2012-11-14T17:53:01","date_gmt":"2012-11-14T16:53:01","guid":{"rendered":"http:\/\/www.euskarajendea.eus\/dokumentala\/?page_id=5617"},"modified":"2013-02-12T08:50:03","modified_gmt":"2013-02-12T08:50:03","slug":"aniztasunaren-bidean","status":"publish","type":"page","link":"https:\/\/www.euskarajendea.eus\/fr\/aniztasunaren-bidean","title":{"rendered":"VERS LA DIVERSIT\u00c9"},"content":{"rendered":"<div class=\"column2 column_space\"><div class=\"flexslider-container-page flexislider-container-ID50bcffebf71 clearfix\">\n<div id=\"flexID50bcffebf71\" class=\"flexslider\">\n<ul class=\"slides\">\n<li><img decoding=\"async\" src=\"https:\/\/www.euskarajendea.eus\/dokumentala\/wp-content\/uploads\/3.1.jpg\" alt=\"\" \/><\/li>\n<li><img decoding=\"async\" src=\"https:\/\/www.euskarajendea.eus\/dokumentala\/wp-content\/uploads\/3.3.jpg\" alt=\"\" \/><\/li>\n<\/ul>\n<\/div>\n<p><script type=\"text\/javascript\">\/\/ <![CDATA[\njQuery(window).load(function() {\n\t\tjQuery(\"#flexID50bcffebf71\").flexslider({\n\t\t\tanimation: \"slide\",\n\t\t\tslideshow: true,\n\t\t\tpauseOnAction: true,\n\t\t\tpauseOnHover: false,\n\t\t\tcontrolsContainer: \"flexslider-container-ID50bcf7fb7952\"\n\t\t});\n\t});\n\/\/ ]]><\/script><\/p>\n<\/div>\n<\/div>\n<div class=\"column2 clearfix\"><p>Apr\u00e8s la disparition de l\u2019Empire romain, les peuples germaniques sont arriv\u00e9s de l\u2019Est de l\u2019Europe. Plus tard, se sont les Arabes qui sont arriv\u00e9s, puis c\u2019est le christianisme qui s\u2019est diffus\u00e9 et d\u00e9velopp\u00e9 pendant que les langues romanes naissaient autour du Pays Basque.<\/p>\n<p>Au Moyen \u00c2ge c\u2019est la diversit\u00e9 des langues et des cultures qui primait. Au Pays Basque, le basque \u00e9tait la langue principale, et tout autour se trouvaient une multitude de langues et de cultures.<\/p>\n<p>Mais au Moyen \u00c2ge, les pr\u00e9mices d\u2019un d\u00e9s\u00e9quilibre interne sont apparues. A la diff\u00e9rence du latin ou du roman, le basque n\u2019\u00e9tait pas utilis\u00e9 \u00e0 l\u2019\u00e9crit.<\/p>\n<p>De m\u00eame, \u00e0 cette \u00e9poque, la langue basque a connu des modifications g\u00e9ographiques.<\/p>\n<p>&nbsp;<\/p>\n<\/div><div class=\"clear\"><\/div>\n<div class=\"column2 column_space\"><div class=\"spaced-wrap clearfix\">\n<div class=\"flexslider-container-page flexislider-container-ID69d04ac72dc5 clearfix\">\n<div id=\"flexID69d04ac72dc5\" class=\"flexslider\">\n<ul class=\"slides\">\n<li><img src=\"https:\/\/www.euskarajendea.eus\/dokumentala\/wp-content\/uploads\/joseba_lakarra-1020x5731.jpg\" alt=\"joseba_lakarra-1020x573\" \/><\/li>\n<li><img src=\"https:\/\/www.euskarajendea.eus\/dokumentala\/wp-content\/uploads\/juan_jose_larrea-1020x5731.jpg\" alt=\"juan_jose_larrea-1020x573\" \/><\/li>\n<li><img src=\"https:\/\/www.euskarajendea.eus\/dokumentala\/wp-content\/uploads\/belen_bengoetxea-1020x5731.jpg\" alt=\"belen_bengoetxea-1020x573\" \/><\/li>\n<li><img src=\"https:\/\/www.euskarajendea.eus\/dokumentala\/wp-content\/uploads\/breschi1.jpg\" alt=\"breschi\" \/><\/li>\n<li><img src=\"https:\/\/www.euskarajendea.eus\/dokumentala\/wp-content\/uploads\/joseba_lakarra-1020x5733.jpg\" alt=\"joseba_lakarra-1020x573\" \/><\/li>\n<li><img src=\"https:\/\/www.euskarajendea.eus\/dokumentala\/wp-content\/uploads\/juan_jose_larrea-1020x5733.jpg\" alt=\"juan_jose_larrea-1020x573\" \/><\/li>\n<li><img src=\"https:\/\/www.euskarajendea.eus\/dokumentala\/wp-content\/uploads\/belen_bengoetxea-1020x5733.jpg\" alt=\"belen_bengoetxea-1020x573\" \/><\/li>\n<li><img src=\"https:\/\/www.euskarajendea.eus\/dokumentala\/wp-content\/uploads\/breschi3.jpg\" alt=\"breschi\" \/><\/li>\n<li><img src=\"https:\/\/www.euskarajendea.eus\/dokumentala\/wp-content\/uploads\/joseba_lakarra-1020x5732.jpg\" alt=\"joseba_lakarra-1020x573\" \/><\/li>\n<li><img src=\"https:\/\/www.euskarajendea.eus\/dokumentala\/wp-content\/uploads\/joseba_lakarra-1020x573.jpg\" alt=\"joseba_lakarra\" \/><\/li>\n<li><img src=\"https:\/\/www.euskarajendea.eus\/dokumentala\/wp-content\/uploads\/joseba_lakarra-1020x5732.jpg\" alt=\"joseba_lakarra-1020x573\" \/><\/li>\n<li><img src=\"https:\/\/www.euskarajendea.eus\/dokumentala\/wp-content\/uploads\/juan_jose_larrea-1020x5732.jpg\" alt=\"juan_jose_larrea-1020x573\" \/><\/li>\n<li><img src=\"https:\/\/www.euskarajendea.eus\/dokumentala\/wp-content\/uploads\/juan_jose_larrea-1020x573.jpg\" alt=\"juan_jose_larrea\" \/><\/li>\n<li><img src=\"https:\/\/www.euskarajendea.eus\/dokumentala\/wp-content\/uploads\/juan_jose_larrea-1020x5732.jpg\" alt=\"juan_jose_larrea-1020x573\" \/><\/li>\n<li><img src=\"https:\/\/www.euskarajendea.eus\/dokumentala\/wp-content\/uploads\/belen_bengoetxea-1020x5732.jpg\" alt=\"belen_bengoetxea-1020x573\" \/><\/li>\n<li><img src=\"https:\/\/www.euskarajendea.eus\/dokumentala\/wp-content\/uploads\/belen_bengoetxea-1020x573.jpg\" alt=\"belen_bengoetxea\" \/><\/li>\n<li><img src=\"https:\/\/www.euskarajendea.eus\/dokumentala\/wp-content\/uploads\/belen_bengoetxea-1020x5732.jpg\" alt=\"belen_bengoetxea-1020x573\" \/><\/li>\n<li><img src=\"https:\/\/www.euskarajendea.eus\/dokumentala\/wp-content\/uploads\/breschi2.jpg\" alt=\"breschi\" \/><\/li>\n<li><img src=\"https:\/\/www.euskarajendea.eus\/dokumentala\/wp-content\/uploads\/breschi.jpg\" alt=\"breschi\" \/><\/li>\n<li><img src=\"https:\/\/www.euskarajendea.eus\/dokumentala\/wp-content\/uploads\/breschi2.jpg\" alt=\"breschi\" \/><\/li>\n<\/ul>\n<\/div>\n<\/div>\n<div class=\"clear\"><\/div>\n<\/div>\n<p><script type=\"text\/javascript\">\n\tjQuery(window).load(function() {\n\t\tjQuery(\"#flexID69d04ac72dc5\").flexslider({\n\t\t\tanimation: \"fade\",\n\t\t\tslideshow: true,\n\t\t\tpauseOnAction: true,\n\t\t\tpauseOnHover: true,\n\t\t\tsmoothHeight: true,\n\t\t\tcontrolsContainer: \"flexslider-container-ID69d04ac72dc5\",\n\t\t\tstart: function(){\n\t\t\t\tjQuery(\".flexslider-container-page\").css(\"background\",\"none\");\n\t\t\t},\n\t\t});\n\t});\n<\/script><\/p>\n<\/div>\n<div class=\"column2 clearfix\"><p><strong style=\"color: #fff;\"><\/strong><\/p>\n<p><span style=\"color: #ffffff;\"><strong>Intervenants :<\/strong><\/span><strong><br \/>\nJoseba Lakarra :<\/strong> professeur d\u2019histoire et de grammaire historique de la langue basque \u00e0 l\u2019Universit\u00e9 du Pays Basque<br \/>\n<strong>Juan Jose Larrea :<\/strong> enseignant d\u2019histoire du Moyen \u00c2ge \u00e0 l\u2019Universit\u00e9 du Pays Basque<br \/>\n<strong>Belen Bengoetxea :<\/strong> enseignante sp\u00e9cialiste de l\u2019arch\u00e9ologie du Moyen \u00c2ge \u00e0 l\u2019Universit\u00e9 du Pays Basque<br \/>\n<strong>Antonio Breschi :<\/strong> compositeur et pianiste.<\/p>\n<p><span style=\"color: #ffffff;\"><strong>Musique :<\/strong><\/span><br \/>\nUnai Requejo<\/p>\n<p>&nbsp;<\/p>\n<p>&nbsp;<\/p>\n<p>&nbsp;<\/p>\n<\/div><div class=\"clear\"><\/div>\n","protected":false},"excerpt":{"rendered":"","protected":false},"author":12,"featured_media":4048,"parent":0,"menu_order":0,"comment_status":"open","ping_status":"open","template":"template-fullwidth.php","meta":[],"_links":{"self":[{"href":"https:\/\/www.euskarajendea.eus\/fr\/wp-json\/wp\/v2\/pages\/5617"}],"collection":[{"href":"https:\/\/www.euskarajendea.eus\/fr\/wp-json\/wp\/v2\/pages"}],"about":[{"href":"https:\/\/www.euskarajendea.eus\/fr\/wp-json\/wp\/v2\/types\/page"}],"author":[{"embeddable":true,"href":"https:\/\/www.euskarajendea.eus\/fr\/wp-json\/wp\/v2\/users\/12"}],"replies":[{"embeddable":true,"href":"https:\/\/www.euskarajendea.eus\/fr\/wp-json\/wp\/v2\/comments?post=5617"}],"version-history":[{"count":7,"href":"https:\/\/www.euskarajendea.eus\/fr\/wp-json\/wp\/v2\/pages\/5617\/revisions"}],"predecessor-version":[{"id":5629,"href":"https:\/\/www.euskarajendea.eus\/fr\/wp-json\/wp\/v2\/pages\/5617\/revisions\/5629"}],"wp:featuredmedia":[{"embeddable":true,"href":"https:\/\/www.euskarajendea.eus\/fr\/wp-json\/wp\/v2\/media\/4048"}],"wp:attachment":[{"href":"https:\/\/www.euskarajendea.eus\/fr\/wp-json\/wp\/v2\/media?parent=5617"}],"curies":[{"name":"wp","href":"https:\/\/api.w.org\/{rel}","templated":true}]}}