{"id":5648,"date":"2012-11-24T10:34:52","date_gmt":"2012-11-24T09:34:52","guid":{"rendered":"http:\/\/www.euskarajendea.eus\/dokumentala\/?page_id=5648"},"modified":"2013-02-12T09:04:58","modified_gmt":"2013-02-12T09:04:58","slug":"5-atala-gerren-arteko-pizkundean","status":"publish","type":"page","link":"https:\/\/www.euskarajendea.eus\/fr\/5-atala-gerren-arteko-pizkundean","title":{"rendered":"ENTRE LES GUERRES, LA RENAISSANCE"},"content":{"rendered":"<div class=\"column2 column_space\"><div class=\"flexslider-container-page flexislider-container-ID50bd02ff1aa8 clearfix\">\n<div id=\"flexID50bd02ff1aa8\" class=\"flexslider\">\n<ul class=\"slides\">\n<li><img decoding=\"async\" src=\"https:\/\/www.euskarajendea.eus\/dokumentala\/wp-content\/uploads\/5.1.jpg\" alt=\"\" \/><\/li>\n<li><img decoding=\"async\" src=\"https:\/\/www.euskarajendea.eus\/dokumentala\/wp-content\/uploads\/5.2.jpg\" alt=\"\" \/><\/li>\n<\/ul>\n<\/div>\n<p><script type=\"text\/javascript\">\/\/ <![CDATA[\njQuery(window).load(function() {\n\t\tjQuery(\"#flexID50bd02ff1aa8\").flexslider({\n\t\t\tanimation: \"slide\",\n\t\t\tslideshow: true,\n\t\t\tpauseOnAction: true,\n\t\t\tpauseOnHover: false,\n\t\t\tcontrolsContainer: \"flexslider-container-ID50bd02ff1aa8\"\n\t\t});\n\t});\n\/\/ ]]><\/script><\/p>\n<\/div>\n<\/div>\n<div class=\"column2 clearfix\"><p>A la suite de la R\u00e9volution fran\u00e7aise et de la disparition des Fors, les politiques linguistiques favorables aux fran\u00e7ais et \u00e0 l\u2019espagnol sont devenues encore plus strictes\u00a0; ceci, au pr\u00e9judice du basque.<\/p>\n<p>Au XIX<sup>e<\/sup> si\u00e8cle, les bascophiles et linguistes europ\u00e9ens se sont mis \u00e0 promouvoir la culture populaire\u00a0: Humboldt, Bonaparte\u2026 Ils ont eu une influence \u00e9vidente sur les chercheurs qui leur ont succ\u00e9d\u00e9 (Azkue, Barandiaran\u2026). Au m\u00eame moment, on a commenc\u00e9 \u00e0 prendre conscience de la langue et du peuple basque (Jeux floraux, <em>Zazpiak bat<\/em>\u2026)<\/p>\n<p>A la fin du XIX<sup>e <\/sup>si\u00e8cle et au d\u00e9but du XX<sup>e<\/sup> si\u00e8cle, la langue et la culture basque ont connu une renaissance, \u00e0 travers la cr\u00e9ation de nouvelles institutions (Eusko Ikaskuntza, Euskaltzaindia), d\u2019associations (Euskaltzaleak\u2026), de journaux <em>(Eskualduna, Eguna\u2026)<\/em> et aussi de la litt\u00e9rature et du bertsolarisme.<\/p>\n<p>&nbsp;<\/p>\n<\/div><div class=\"clear\"><\/div>\n<div class=\"column2 column_space\"><p><strong><br \/>\n<\/strong><\/p>\n<div class=\"spaced-wrap clearfix\">\n<div class=\"flexslider-container-page flexislider-container-ID69d039b9eef5 clearfix\">\n<div id=\"flexID69d039b9eef5\" class=\"flexslider\">\n<ul class=\"slides\">\n<li><img src=\"https:\/\/www.euskarajendea.eus\/dokumentala\/wp-content\/uploads\/camino-1020x5732.jpg\" alt=\"camino-1020x573\" \/><\/li>\n<li><img src=\"https:\/\/www.euskarajendea.eus\/dokumentala\/wp-content\/uploads\/PROIEKTUA.Still021-1020x5731.jpg\" alt=\"PROIEKTUA.Still021-1020x573\" \/><\/li>\n<li><img src=\"https:\/\/www.euskarajendea.eus\/dokumentala\/wp-content\/uploads\/jurgi2.jpg\" alt=\"jurgi\" \/><\/li>\n<li><img src=\"https:\/\/www.euskarajendea.eus\/dokumentala\/wp-content\/uploads\/douglass-1020x5732.jpg\" alt=\"douglass-1020x573\" \/><\/li>\n<li><img src=\"https:\/\/www.euskarajendea.eus\/dokumentala\/wp-content\/uploads\/camino-1020x5731.jpg\" alt=\"camino-1020x573\" \/><\/li>\n<li><img src=\"https:\/\/www.euskarajendea.eus\/dokumentala\/wp-content\/uploads\/PROIEKTUA.Still021-1020x573.jpg\" alt=\"PROIEKTUA.Still021-1020x573\" \/><\/li>\n<li><img src=\"https:\/\/www.euskarajendea.eus\/dokumentala\/wp-content\/uploads\/jurgi1.jpg\" alt=\"jurgi\" \/><\/li>\n<li><img src=\"https:\/\/www.euskarajendea.eus\/dokumentala\/wp-content\/uploads\/douglass-1020x5731.jpg\" alt=\"douglass-1020x573\" \/><\/li>\n<li><img src=\"https:\/\/www.euskarajendea.eus\/dokumentala\/wp-content\/uploads\/camino-1020x5732.jpg\" alt=\"camino-1020x573\" \/><\/li>\n<li><img src=\"https:\/\/www.euskarajendea.eus\/dokumentala\/wp-content\/uploads\/PROIEKTUA.Still021-1020x5731.jpg\" alt=\"PROIEKTUA.Still021-1020x573\" \/><\/li>\n<li><img src=\"https:\/\/www.euskarajendea.eus\/dokumentala\/wp-content\/uploads\/jurgi2.jpg\" alt=\"jurgi\" \/><\/li>\n<li><img src=\"https:\/\/www.euskarajendea.eus\/dokumentala\/wp-content\/uploads\/douglass-1020x5732.jpg\" alt=\"douglass-1020x573\" \/><\/li>\n<li><img src=\"https:\/\/www.euskarajendea.eus\/dokumentala\/wp-content\/uploads\/camino-1020x5733.jpg\" alt=\"camino-1020x573\" \/><\/li>\n<li><img src=\"https:\/\/www.euskarajendea.eus\/dokumentala\/wp-content\/uploads\/PROIEKTUA.Still021-1020x5732.jpg\" alt=\"PROIEKTUA.Still021-1020x573\" \/><\/li>\n<li><img src=\"https:\/\/www.euskarajendea.eus\/dokumentala\/wp-content\/uploads\/jurgi3.jpg\" alt=\"jurgi\" \/><\/li>\n<li><img src=\"https:\/\/www.euskarajendea.eus\/dokumentala\/wp-content\/uploads\/douglass-1020x5733.jpg\" alt=\"douglass-1020x573\" \/><\/li>\n<li><img src=\"https:\/\/www.euskarajendea.eus\/dokumentala\/wp-content\/uploads\/camino-1020x573.jpg\" alt=\"camino\" \/><\/li>\n<li><img src=\"https:\/\/www.euskarajendea.eus\/dokumentala\/wp-content\/uploads\/PROIEKTUA.Still009-1020x573.jpg\" alt=\"PROIEKTUA.Still009\" \/><\/li>\n<li><img src=\"https:\/\/www.euskarajendea.eus\/dokumentala\/wp-content\/uploads\/jurgi.jpg\" alt=\"jurgi\" \/><\/li>\n<li><img src=\"https:\/\/www.euskarajendea.eus\/dokumentala\/wp-content\/uploads\/douglass-1020x573.jpg\" alt=\"douglass\" \/><\/li>\n<\/ul>\n<\/div>\n<\/div>\n<div class=\"clear\"><\/div>\n<\/div>\n<p><script type=\"text\/javascript\">\n\tjQuery(window).load(function() {\n\t\tjQuery(\"#flexID69d039b9eef5\").flexslider({\n\t\t\tanimation: \"fade\",\n\t\t\tslideshow: true,\n\t\t\tpauseOnAction: true,\n\t\t\tpauseOnHover: true,\n\t\t\tsmoothHeight: true,\n\t\t\tcontrolsContainer: \"flexslider-container-ID69d039b9eef5\",\n\t\t\tstart: function(){\n\t\t\t\tjQuery(\".flexslider-container-page\").css(\"background\",\"none\");\n\t\t\t},\n\t\t});\n\t});\n<\/script><\/p>\n<\/div>\n<div class=\"column2 clearfix\"><p><strong style=\"color: #fff;\"><\/strong><\/p>\n<p><span style=\"color: #ffffff;\"><strong>Intervenants:<\/strong><\/span><br \/>\n<strong>I\u00f1aki Camino :<\/strong> philologue et enseignant \u00e0 l\u2019Universit\u00e9 du Pays Basque<br \/>\n<strong>Lourdes Otaegi :<\/strong> enseignante au d\u00e9partement de Linguistique et d\u2019\u00c9tudes basques de l\u2019Universit\u00e9 du Pays Basque<br \/>\n<strong>Jurgi Kintana :<\/strong> docteur en histoire et membre de l\u2019Universit\u00e9 Basque d\u2019\u00c9t\u00e9<br \/>\n<strong>William Douglass :<\/strong> anthropologue et fondateur principal des \u00c9tudes basques de l\u2019Universit\u00e9 du Nevada \u00e0 Reno<\/p>\n<p><span style=\"color: #ffffff;\"><strong>Musique :<\/strong><\/span><br \/>\nJoseba Tapia, Josu Zabala.<\/p>\n<p>&nbsp;<\/p>\n<p>&nbsp;<\/p>\n<p>&nbsp;<\/p>\n<\/div><div class=\"clear\"><\/div>\n","protected":false},"excerpt":{"rendered":"","protected":false},"author":12,"featured_media":4054,"parent":0,"menu_order":0,"comment_status":"open","ping_status":"open","template":"template-fullwidth.php","meta":[],"_links":{"self":[{"href":"https:\/\/www.euskarajendea.eus\/fr\/wp-json\/wp\/v2\/pages\/5648"}],"collection":[{"href":"https:\/\/www.euskarajendea.eus\/fr\/wp-json\/wp\/v2\/pages"}],"about":[{"href":"https:\/\/www.euskarajendea.eus\/fr\/wp-json\/wp\/v2\/types\/page"}],"author":[{"embeddable":true,"href":"https:\/\/www.euskarajendea.eus\/fr\/wp-json\/wp\/v2\/users\/12"}],"replies":[{"embeddable":true,"href":"https:\/\/www.euskarajendea.eus\/fr\/wp-json\/wp\/v2\/comments?post=5648"}],"version-history":[{"count":5,"href":"https:\/\/www.euskarajendea.eus\/fr\/wp-json\/wp\/v2\/pages\/5648\/revisions"}],"predecessor-version":[{"id":5652,"href":"https:\/\/www.euskarajendea.eus\/fr\/wp-json\/wp\/v2\/pages\/5648\/revisions\/5652"}],"wp:featuredmedia":[{"embeddable":true,"href":"https:\/\/www.euskarajendea.eus\/fr\/wp-json\/wp\/v2\/media\/4054"}],"wp:attachment":[{"href":"https:\/\/www.euskarajendea.eus\/fr\/wp-json\/wp\/v2\/media?parent=5648"}],"curies":[{"name":"wp","href":"https:\/\/api.w.org\/{rel}","templated":true}]}}