{"id":5658,"date":"2012-11-24T10:35:11","date_gmt":"2012-11-24T09:35:11","guid":{"rendered":"http:\/\/www.euskarajendea.eus\/dokumentala\/?page_id=5658"},"modified":"2013-02-15T13:22:03","modified_gmt":"2013-02-15T13:22:03","slug":"6-atala-mundua-osatzen","status":"publish","type":"page","link":"https:\/\/www.euskarajendea.eus\/fr\/6-atala-mundua-osatzen","title":{"rendered":"COMPL\u00c9TER LE MONDE"},"content":{"rendered":"<div class=\"column2 column_space\"><div class=\"flexslider-container-page flexislider-container-ID50bd03cea008clearfix\">\n<div id=\"flexID50bd03cea008\" class=\"flexslider\">\n<ul class=\"slides\">\n<li><img decoding=\"async\" src=\"https:\/\/www.euskarajendea.eus\/dokumentala\/wp-content\/uploads\/6.1.jpg\" alt=\"\" \/><\/li>\n<li><img decoding=\"async\" src=\"https:\/\/www.euskarajendea.eus\/dokumentala\/wp-content\/uploads\/6.2.jpg\" alt=\"\" \/><\/li>\n<li><img decoding=\"async\" src=\"https:\/\/www.euskarajendea.eus\/dokumentala\/wp-content\/uploads\/6.3.jpg\" alt=\"\" \/><\/li>\n<\/ul>\n<\/div>\n<p><script type=\"text\/javascript\">\/\/ <![CDATA[\njQuery(window).load(function() {\n\t\tjQuery(\"#flexID50bd03cea008\").flexslider({\n\t\t\tanimation: \"slide\",\n\t\t\tslideshow: true,\n\t\t\tpauseOnAction: true,\n\t\t\tpauseOnHover: false,\n\t\t\tcontrolsContainer: \"flexslider-container-ID50bd03cea008\"\n\t\t});\n\t});\n\/\/ ]]><\/script><\/p>\n<\/div>\n<\/div>\n<div class=\"column2 clearfix\"><p>La guerre civile espagnole a interrompu la Renaissance basque en 1936, mais celle-ci est r\u00e9apparue en force dans les ann\u00e9es 1960, par le biais d\u2019une grande avanc\u00e9e durant la seconde moiti\u00e9 du si\u00e8cle pour la culture, la langue unifi\u00e9e, l\u2019enseignement, la cr\u00e9ation de moyens de communication\u2026<\/p>\n<p>Ces derni\u00e8res ann\u00e9es, la langue basque a perdu des territoires et des fonctions (notamment au Pays Basque Nord) mais en a aussi gagn\u00e9 (surtout au Pays Basque Sud). D\u2019autre part, elle est devenue urbaine\u00a0: aujourd\u2019hui, pour la premi\u00e8re fois, la plupart des bascophones vivent en ville.<\/p>\n<p>Les bascophones sont tout de m\u00eame toujours en minorit\u00e9\u00a0: la transmission familiale est difficile, et au Pays Basque Nord, la langue n\u2019est pas officielle. Mais si elle l\u2019est au Pays Basque p\u00e9ninsulaire, le castillan reste une langue beaucoup plus forte.<\/p>\n<p>La langue basque a surv\u00e9cu jusqu\u2019au XXI<sup>e<\/sup> si\u00e8cle, mais dor\u00e9navant elle conna\u00eet de nouveaux enjeux, de nouvelles interrogations, et devra y r\u00e9pondre comme elle l\u2019a fait jusqu\u2019\u00e0 pr\u00e9sent, si elle veut continuer \u00e0 exister.<\/p>\n<\/div><div class=\"clear\"><\/div>\n<div class=\"column2 column_space\"><p><strong><br \/>\n<\/strong><\/p>\n<div class=\"spaced-wrap clearfix\">\n<div class=\"flexslider-container-page flexislider-container-ID69d03607ec8b clearfix\">\n<div id=\"flexID69d03607ec8b\" class=\"flexslider\">\n<ul class=\"slides\">\n<li><img src=\"https:\/\/www.euskarajendea.eus\/dokumentala\/wp-content\/uploads\/IRIGARAI-SYNK-043.jpg\" alt=\"IRIGARAI-SYNK-04\" \/><\/li>\n<li><img src=\"https:\/\/www.euskarajendea.eus\/dokumentala\/wp-content\/uploads\/sarasua-1020x5732.jpg\" alt=\"sarasua-1020x573\" \/><\/li>\n<li><img src=\"https:\/\/www.euskarajendea.eus\/dokumentala\/wp-content\/uploads\/amaia-aire-1020x5732.jpg\" alt=\"amaia-aire-1020x573\" \/><\/li>\n<li><img src=\"https:\/\/www.euskarajendea.eus\/dokumentala\/wp-content\/uploads\/iratxe2-1020x5732.jpg\" alt=\"iratxe2-1020x573\" \/><\/li>\n<li><img src=\"https:\/\/www.euskarajendea.eus\/dokumentala\/wp-content\/uploads\/IRIGARAI-SYNK-041.jpg\" alt=\"IRIGARAI-SYNK-04\" \/><\/li>\n<li><img src=\"https:\/\/www.euskarajendea.eus\/dokumentala\/wp-content\/uploads\/IRIGARAI-SYNK-042.jpg\" alt=\"IRIGARAI-SYNK-04\" \/><\/li>\n<li><img src=\"https:\/\/www.euskarajendea.eus\/dokumentala\/wp-content\/uploads\/sarasua-1020x5731.jpg\" alt=\"sarasua-1020x573\" \/><\/li>\n<li><img src=\"https:\/\/www.euskarajendea.eus\/dokumentala\/wp-content\/uploads\/amaia-aire-1020x5731.jpg\" alt=\"amaia-aire-1020x573\" \/><\/li>\n<li><img src=\"https:\/\/www.euskarajendea.eus\/dokumentala\/wp-content\/uploads\/iratxe2-1020x5731.jpg\" alt=\"iratxe2-1020x573\" \/><\/li>\n<li><img src=\"https:\/\/www.euskarajendea.eus\/dokumentala\/wp-content\/uploads\/IRIGARAI-SYNK-043.jpg\" alt=\"IRIGARAI-SYNK-04\" \/><\/li>\n<li><img src=\"https:\/\/www.euskarajendea.eus\/dokumentala\/wp-content\/uploads\/sarasua-1020x5732.jpg\" alt=\"sarasua-1020x573\" \/><\/li>\n<li><img src=\"https:\/\/www.euskarajendea.eus\/dokumentala\/wp-content\/uploads\/amaia-aire-1020x5732.jpg\" alt=\"amaia-aire-1020x573\" \/><\/li>\n<li><img src=\"https:\/\/www.euskarajendea.eus\/dokumentala\/wp-content\/uploads\/iratxe2-1020x5732.jpg\" alt=\"iratxe2-1020x573\" \/><\/li>\n<li><img src=\"https:\/\/www.euskarajendea.eus\/dokumentala\/wp-content\/uploads\/IRIGARAI-SYNK-044.jpg\" alt=\"IRIGARAI-SYNK-04\" \/><\/li>\n<li><img src=\"https:\/\/www.euskarajendea.eus\/dokumentala\/wp-content\/uploads\/sarasua-1020x5733.jpg\" alt=\"sarasua-1020x573\" \/><\/li>\n<li><img src=\"https:\/\/www.euskarajendea.eus\/dokumentala\/wp-content\/uploads\/amaia-aire-1020x5733.jpg\" alt=\"amaia-aire-1020x573\" \/><\/li>\n<li><img src=\"https:\/\/www.euskarajendea.eus\/dokumentala\/wp-content\/uploads\/iratxe2-1020x5733.jpg\" alt=\"iratxe2-1020x573\" \/><\/li>\n<li><img src=\"https:\/\/www.euskarajendea.eus\/dokumentala\/wp-content\/uploads\/sarasua-1020x573.jpg\" alt=\"sarasua\" \/><\/li>\n<li><img src=\"https:\/\/www.euskarajendea.eus\/dokumentala\/wp-content\/uploads\/amaia-aire-1020x573.jpg\" alt=\"amaia aire\" \/><\/li>\n<li><img src=\"https:\/\/www.euskarajendea.eus\/dokumentala\/wp-content\/uploads\/iratxe2-1020x573.jpg\" alt=\"iratxe2\" \/><\/li>\n<\/ul>\n<\/div>\n<\/div>\n<div class=\"clear\"><\/div>\n<\/div>\n<p><script type=\"text\/javascript\">\n\tjQuery(window).load(function() {\n\t\tjQuery(\"#flexID69d03607ec8b\").flexslider({\n\t\t\tanimation: \"fade\",\n\t\t\tslideshow: true,\n\t\t\tpauseOnAction: true,\n\t\t\tpauseOnHover: true,\n\t\t\tsmoothHeight: true,\n\t\t\tcontrolsContainer: \"flexslider-container-ID69d03607ec8b\",\n\t\t\tstart: function(){\n\t\t\t\tjQuery(\".flexslider-container-page\").css(\"background\",\"none\");\n\t\t\t},\n\t\t});\n\t});\n<\/script><\/p>\n<\/div>\n<div class=\"column2 clearfix\"><p><strong style=\"color: #fff;\"><\/strong><\/p>\n<p><span style=\"color: #ffffff;\"><strong><br \/>\nIntervenants :<\/strong><\/span><br \/>\n<strong>Jose Angel Irigaray :<\/strong> \u00e9crivain et acteur culturel<br \/>\n<strong>Jon Sarasua\u00a0:<\/strong> enseignant et acteur culturel<br \/>\n<strong>Amaia Aire :<\/strong> enseignante et chanteuse<br \/>\n<strong>Iratxe Esnaola :<\/strong> ing\u00e9nieure en informatique et membre de l\u2019association PuntuEus<\/p>\n<p><span style=\"color: #ffffff;\"><strong>Musique :<\/strong><\/span><br \/>\nRuper Ordorika, Ibon Rodriguez, Ibon Agirre.<\/p>\n<p>&nbsp;<\/p>\n<\/div><div class=\"clear\"><\/div>\n","protected":false},"excerpt":{"rendered":"","protected":false},"author":12,"featured_media":4049,"parent":0,"menu_order":0,"comment_status":"open","ping_status":"open","template":"template-fullwidth.php","meta":[],"_links":{"self":[{"href":"https:\/\/www.euskarajendea.eus\/fr\/wp-json\/wp\/v2\/pages\/5658"}],"collection":[{"href":"https:\/\/www.euskarajendea.eus\/fr\/wp-json\/wp\/v2\/pages"}],"about":[{"href":"https:\/\/www.euskarajendea.eus\/fr\/wp-json\/wp\/v2\/types\/page"}],"author":[{"embeddable":true,"href":"https:\/\/www.euskarajendea.eus\/fr\/wp-json\/wp\/v2\/users\/12"}],"replies":[{"embeddable":true,"href":"https:\/\/www.euskarajendea.eus\/fr\/wp-json\/wp\/v2\/comments?post=5658"}],"version-history":[{"count":8,"href":"https:\/\/www.euskarajendea.eus\/fr\/wp-json\/wp\/v2\/pages\/5658\/revisions"}],"predecessor-version":[{"id":6063,"href":"https:\/\/www.euskarajendea.eus\/fr\/wp-json\/wp\/v2\/pages\/5658\/revisions\/6063"}],"wp:featuredmedia":[{"embeddable":true,"href":"https:\/\/www.euskarajendea.eus\/fr\/wp-json\/wp\/v2\/media\/4049"}],"wp:attachment":[{"href":"https:\/\/www.euskarajendea.eus\/fr\/wp-json\/wp\/v2\/media?parent=5658"}],"curies":[{"name":"wp","href":"https:\/\/api.w.org\/{rel}","templated":true}]}}