{"id":5671,"date":"2012-11-14T18:15:58","date_gmt":"2012-11-14T17:15:58","guid":{"rendered":"http:\/\/www.euskarajendea.eus\/dokumentala\/?page_id=5671"},"modified":"2013-02-15T13:25:29","modified_gmt":"2013-02-15T13:25:29","slug":"nor-gara-3","status":"publish","type":"page","link":"https:\/\/www.euskarajendea.eus\/fr\/nor-gara-3","title":{"rendered":"TRAVAIL COLLECTIF"},"content":{"rendered":"<p><em>Euskara Jendea<strong> <\/strong><\/em>a \u00e9t\u00e9 r\u00e9alis\u00e9 collectivement par\u00a0: Adur Larrea Eguren, Xamar, Lutxo Egia del Rio, Mikel Arredondo Bilbao, Lon Fernandez eta Hibai Castro Egia.<\/p>\n<p>Voix off : Maria Uriarte Artamendi<\/p>\n<a rel=\"prettyPhoto\" title=\"Euskara Jendea talde bilera\" href=\"https:\/\/www.euskarajendea.eus\/dokumentala\/wp-content\/uploads\/talde_bilera.jpg\"><img src=\"https:\/\/www.euskarajendea.eus\/dokumentala\/wp-content\/uploads\/talde_bilera.jpg\" class=\"pictureframe img-align-left pictureframe-image\" style=\"width:px; height:auto\" alt=\"thumbnail\" \/><\/a>\n<p>&nbsp;<\/p>\n<div class=\"column3 column_space\"><p><strong>Hibai Castro Egia<\/strong><br \/>\nPartisan des r\u00e9cits o\u00f9 s\u2019entrecroisent image et son. Il a endur\u00e9, et surtout appr\u00e9ci\u00e9 tout le processus d\u2019<em>Euskara Jendea.<\/em> Entre de nombreuses autres t\u00e2ches, il s\u2019est plong\u00e9 dans la r\u00e9alisation du documentaire.<\/p>\n<\/div>\n<div class=\"column3 column_space\"><p><strong>Mikel Arredondo Bilbao<\/strong><br \/>\nIl s\u2019est occup\u00e9 de la gestion de l\u2019association culturelle Ibaizabal-Mendebalde, et de la production d\u2019<em>Euskara Jendea.<\/em> Il a veill\u00e9 \u00e0 ce que tout soit au bon endroit au bon moment, mais a \u00e9galement collabor\u00e9 \u00e0 de nombreuses autres fonctions.<\/p>\n<\/div>\n<div class=\"column3 clearfix\"><p><strong>Adur Larrea Eguren<\/strong><br \/>\n<a title=\"marrazkilaria\" href=\"http:\/\/www.adurlarrea.com\/\" target=\"_blank\">Dessinateur.<\/a> Il travaille \u00e9galement dans des projets audiovisuels. Dans la s\u00e9rie documentaire <em>Euskara Jendea, <\/em>il s\u2019est essentiellement charg\u00e9 de la postproduction et du graphisme.<\/p>\n<\/div><div class=\"clear\"><\/div>\n<div class=\"column3 column_space\"><p><strong>Lutxo Egia del Rio<\/strong><br \/>\n\u00c9crivain. Pour cette s\u00e9rie documentaire, il a jongl\u00e9 entre le sc\u00e9nario et de nombreuses autres t\u00e2ches. Il est l\u2019auteur de plusieurs livres\u00a0: <a href=\"http:\/\/www.susa-literatura.com\/cgi-bin\/liburuok.pl?lib=narr89\" target=\"_blank\"><em>Txakur ingelesak<\/em> (Susa)<\/a>, <a href=\"http:\/\/www.susa-literatura.com\/cgi-bin\/liburuok.pl?lib=narr76\" target=\"_blank\"><em>Zubigilea <\/em>(Susa)<\/a>, <a href=\"http:\/\/www.susa-literatura.com\/cgi-bin\/liburuak.pl?lib=narr48\" target=\"_blank\"><em>Paperezko Hegazkinak<\/em> (Susa)<\/a>, <a href=\"http:\/\/www.susa-literatura.com\/cgi-bin\/liburuok.pl?lib=narr64\" target=\"_blank\"><em>Ezker hanka falta zuen <\/em>(Susa)<\/a>, <a href=\"http:\/\/www.consonni.org\/es\/intrahistoria\/metamorfosis-en-el-noveno-asalto-libro-del-mes-en-exit-express\" target=\"_blank\"><em>Metaformosis en el noveno asalto<\/em> (Consonni)<\/a>\u2026<\/p>\n<\/div>\n<div class=\"column3 column_space\"><p><strong>Xamar<br \/>\n<\/strong> Enseignant. Il a avant tout pris en charge le choix du contenu du documentaire et de la sc\u00e9narisation de celui-ci. Il est l\u2019auteur d\u2019ouvrages de vulgarisation historiques et culturelles\u00a0: <a href=\"http:\/\/www.pamiela.com\/es\/besteak?page=shop.product_details&amp;flypage=flypage.tpl&amp;category_id=35&amp;product_id=342\" target=\"_blank\"><em>Orhipean, gure Herria ezagutzen<\/em> (Pamiela)<\/a>, <a href=\"http:\/\/www.pamiela.com\/es\/besteak?page=shop.product_details&amp;flypage=flypage.tpl&amp;category_id=35&amp;product_id=345\" target=\"_blank\"><em><\/em><em>Orekan Herri eta Hizkuntzen ekologiaz<\/em> (Pamiela)<\/a>, <a href=\"http:\/\/www.pamiela.com\/es\/besteak?page=shop.product_details&amp;category_id=35&amp;flypage=flypage.tpl&amp;product_id=74\" target=\"_blank\"><em>Euskara Jendea, gure hizkuntzaren historia, gure historiaren hizkuntza<\/em> (Pamiela)<\/a>.<\/p>\n<\/div>\n<div class=\"column3 clearfix\"><p><strong>Lon Fernandez Zabala<\/strong><br \/>\nTechnicien du son au Kafe Antzokia de Bilbao et \u00e0 la radio Bilbo Hiria, en plus d\u2019\u00eatre p\u00e8re. Pour <em>Euskara Jendea,<\/em> il a \u00e9t\u00e9 principalement preneur de son.<\/p>\n<\/div><div class=\"clear\"><\/div>\n<div class=\"column3 column_space\"><p><strong>Maria Uriarte Artamendi<\/strong><br \/>\nEnseignante pour \u00e9l\u00e8ves malvoyants et non-voyants. Voix de la maison de production de litt\u00e9rature audio,\u00a0<a href=\"http:\/\/etxegiroan.com\/\" target=\"_blank\">Etxegiroan<\/a>.<\/p>\n<\/div>\n<div class=\"column3 column_space\"><\/div>\n<div class=\"column3 clearfix\"><\/div><div class=\"clear\"><\/div>\n","protected":false},"excerpt":{"rendered":"<p>Euskara Jendea a \u00e9t\u00e9 r\u00e9alis\u00e9 collectivement par\u00a0: Adur Larrea Eguren, Xamar, Lutxo Egia del Rio, Mikel Arredondo Bilbao, Lon Fernandez eta Hibai Castro Egia. Voix off : Maria Uriarte Artamendi &nbsp;<\/p>\n","protected":false},"author":12,"featured_media":3698,"parent":0,"menu_order":0,"comment_status":"open","ping_status":"open","template":"template-fullwidth.php","meta":[],"_links":{"self":[{"href":"https:\/\/www.euskarajendea.eus\/fr\/wp-json\/wp\/v2\/pages\/5671"}],"collection":[{"href":"https:\/\/www.euskarajendea.eus\/fr\/wp-json\/wp\/v2\/pages"}],"about":[{"href":"https:\/\/www.euskarajendea.eus\/fr\/wp-json\/wp\/v2\/types\/page"}],"author":[{"embeddable":true,"href":"https:\/\/www.euskarajendea.eus\/fr\/wp-json\/wp\/v2\/users\/12"}],"replies":[{"embeddable":true,"href":"https:\/\/www.euskarajendea.eus\/fr\/wp-json\/wp\/v2\/comments?post=5671"}],"version-history":[{"count":8,"href":"https:\/\/www.euskarajendea.eus\/fr\/wp-json\/wp\/v2\/pages\/5671\/revisions"}],"predecessor-version":[{"id":5673,"href":"https:\/\/www.euskarajendea.eus\/fr\/wp-json\/wp\/v2\/pages\/5671\/revisions\/5673"}],"wp:featuredmedia":[{"embeddable":true,"href":"https:\/\/www.euskarajendea.eus\/fr\/wp-json\/wp\/v2\/media\/3698"}],"wp:attachment":[{"href":"https:\/\/www.euskarajendea.eus\/fr\/wp-json\/wp\/v2\/media?parent=5671"}],"curies":[{"name":"wp","href":"https:\/\/api.w.org\/{rel}","templated":true}]}}